{"id":27,"date":"2018-09-05T10:34:39","date_gmt":"2018-09-05T08:34:39","guid":{"rendered":"https:\/\/www.kon-tiki.eu\/en\/?page_id=27"},"modified":"2018-09-05T10:34:39","modified_gmt":"2018-09-05T08:34:39","slug":"feedback","status":"publish","type":"page","link":"https:\/\/www.kon-tiki.eu\/en\/references\/feedback\/","title":{"rendered":"Feedback"},"content":{"rendered":"<p><i>&#8220;Unsere Ausstellung ist ein voller Erfolg! Sie wird eigentlich durch die Bank hochgelobt uns sie wird sich allem Anschein nach auch als eine kleine Einkommensquelle f\u00fcr den Verband entwickeln. Das ist doch echt toll! Ich habe oft schon gedacht und auch gegen\u00fcber anderen erw\u00e4hnt, dass wir das ohne eure Hilfe und professionelle Begleitung nicht so hinbekommen h\u00e4tten.&#8221;<\/i><\/p>\n<p>K. Beckedorf, Verband Entwicklungspolitik Niedersachsen e.V.<\/p>\n<p>&nbsp;<\/p>\n<p><i>&#8220;Vertrauensvolle Zusammenarbeit!&#8221;<\/i><\/p>\n<p>R. Hedde, Gesch\u00e4ftsf\u00fchrer Wasserturm L\u00fcneburg<\/p>\n<p>&nbsp;<\/p>\n<p><i>&#8220;Danke f\u00fcr die tolle Zusammenarbeit! Lob f\u00fcr kreative und tolle Ideen, gute Absprache, Beachtung und R\u00fccksichtnahme der eigenen Ideen, klare Aussagen und die Freundlichkeit!&#8221;<\/i><\/p>\n<p>D. Barlag, Stadt Osnabr\u00fcck<\/p>\n<p>&nbsp;<\/p>\n<h3>Feedback from Workshop Participants:<\/h3>\n<p><i>&#8220;An informative, well-structered lecture supported by useful examples! An outspoken lecturer&#8221;<\/i><\/p>\n<p>A. Ispirev, Biodiversity Expert &#8220;Central Balkan&#8221; National Park\/Bulgaria<\/p>\n<p><i>&#8220;Lebendiger und anschaulicher Vortragsstil&#8221; &#8220;Sehr gute, anregende Vermittlung der Inhalte&#8221; &#8220;Sehr gute Seminarleitung&#8221; &#8220;Sehr gut Zeiten eingehalten&#8221; &#8220;Viele Anregungen, etliche Punkte kann ich umsetzen, gute Beispiele&#8221; &#8220;\u00dcbersichtlich gegliedert, interaktiv, Verdeutlichung durch Beispiele&#8221;<\/i><\/p>\n<p>Unterschiedliche Workshop-Teilnehmer<\/p>\n","protected":false},"excerpt":{"rendered":"<p>&#8220;Unsere Ausstellung ist ein voller Erfolg! Sie wird eigentlich durch die Bank hochgelobt uns sie wird sich allem Anschein nach auch als eine kleine Einkommensquelle f\u00fcr den Verband entwickeln. Das ist doch echt toll! Ich habe oft schon gedacht und auch gegen\u00fcber anderen erw\u00e4hnt, dass wir das ohne eure Hilfe und professionelle Begleitung nicht so<a class=\"moretag\" href=\"https:\/\/www.kon-tiki.eu\/en\/references\/feedback\/\"> >> Weiterlesen<\/a><\/p>\n","protected":false},"author":1,"featured_media":0,"parent":23,"menu_order":0,"comment_status":"closed","ping_status":"closed","template":"","meta":{"footnotes":""},"class_list":["post-27","page","type-page","status-publish","hentry"],"_links":{"self":[{"href":"https:\/\/www.kon-tiki.eu\/en\/wp-json\/wp\/v2\/pages\/27"}],"collection":[{"href":"https:\/\/www.kon-tiki.eu\/en\/wp-json\/wp\/v2\/pages"}],"about":[{"href":"https:\/\/www.kon-tiki.eu\/en\/wp-json\/wp\/v2\/types\/page"}],"author":[{"embeddable":true,"href":"https:\/\/www.kon-tiki.eu\/en\/wp-json\/wp\/v2\/users\/1"}],"replies":[{"embeddable":true,"href":"https:\/\/www.kon-tiki.eu\/en\/wp-json\/wp\/v2\/comments?post=27"}],"version-history":[{"count":1,"href":"https:\/\/www.kon-tiki.eu\/en\/wp-json\/wp\/v2\/pages\/27\/revisions"}],"predecessor-version":[{"id":28,"href":"https:\/\/www.kon-tiki.eu\/en\/wp-json\/wp\/v2\/pages\/27\/revisions\/28"}],"up":[{"embeddable":true,"href":"https:\/\/www.kon-tiki.eu\/en\/wp-json\/wp\/v2\/pages\/23"}],"wp:attachment":[{"href":"https:\/\/www.kon-tiki.eu\/en\/wp-json\/wp\/v2\/media?parent=27"}],"curies":[{"name":"wp","href":"https:\/\/api.w.org\/{rel}","templated":true}]}}