{"id":17,"date":"2018-09-05T10:31:53","date_gmt":"2018-09-05T08:31:53","guid":{"rendered":"https:\/\/www.kon-tiki.eu\/en\/?page_id=17"},"modified":"2018-09-11T12:35:23","modified_gmt":"2018-09-11T10:35:23","slug":"awards","status":"publish","type":"page","link":"https:\/\/www.kon-tiki.eu\/en\/kon-tiki\/awards\/","title":{"rendered":"Awards"},"content":{"rendered":"<h2>Auszeichnung f\u00fcr Planet Ozean<\/h2>\n<div class=\"column\">\n<p><a href=\"https:\/\/www.un-dekade-biologische-vielfalt.de\/\" target=\"_blank\" rel=\"noopener\"><img loading=\"lazy\" decoding=\"async\" class=\"left-column wp-image-1481 size-full alignnone\" src=\"https:\/\/www.kon-tiki.eu\/wp-content\/uploads\/auszeichnung01.jpg\" alt=\"\" width=\"135\" height=\"136\" \/><\/a><\/p>\n<p><\/div><div class=\"column\">Planet Ozean wurde als UN-Dekade-Projekt ausgezeichnet!<\/p>\n<p>Der Jury-Kommentar:<br \/>\n<em>&#8220;Das Projekt \u201ePlanet Ozean \u2013 Meer.Wissen.Erleben\u201c \u2013 ein Edutainmentangebot f\u00fcr Erlebnisb\u00e4der &amp; Kreuzfahrtschiffe\u201c, wurde erstmals am 13. August 2013 und erneut am 01. Dezember 2016 ausgezeichnet. Das Konzept tr\u00e4gt in beispielhafter Weise zur Vermittlung von biologischer Vielfalt bei.<\/em><\/p>\n<p><em>Das Engagement von Herrn Wohlers und seinen Partnern f\u00fcr die biologische Vielfalt hat die Juroren und Jurorinnen und unser Team in der Gesch\u00e4ftsstelle sehr beeindruckt. Mit der Auszeichnung erh\u00e4lt Herr Wohlers die Best\u00e4tigung, dass er sich vorbildlich f\u00fcr die biologische Vielfalt in Deutschland einsetzt. Er setzt ein bedeutendes Zeichen f\u00fcr das Engagement in diesem Bereich und tr\u00e4gt dazu bei, mehr Menschen f\u00fcr die Erhaltung der biologischen Vielfalt zu motivieren.&#8221;<\/em><\/p>\n<p><\/div><\/p>\n<h2>n.design-Auszeichnung f\u00fcr Edutainment-Produkt<\/h2>\n<p><div class=\"column\"><br \/>\n<img loading=\"lazy\" decoding=\"async\" class=\"size-full wp-image-1482 alignnone\" src=\"https:\/\/www.kon-tiki.eu\/wp-content\/uploads\/auszeichnung02.png\" alt=\"\" width=\"89\" height=\"71\" \/><br \/>\n<\/div><div class=\"column\"><\/p>\n<p>Wir freuen uns, dass das KON-TIKI-Produkt Planet Ozean im Wettbewerb \u201cGastlichkeit gestalten\u201d, durchgef\u00fchrt durch Niedersachsendesign, den 1. Preis in der Kategorie \u201cDienstleistungen\u201d erhalten hat! Das best\u00e4tigt den innovativen, erlebnisorientierten und erfolgversprechenden Ansatz von Planet Ozean.<\/p>\n<p>Der Jury-Kommentar:<br \/>\n<em>&#8220;Ein tolles Erlebniskonzept, das sehr ansprechend und gut umgesetzt wurde. Die Begeisterung springt sofort \u00fcber, die Zielgruppe hat bestimmt gro\u00dfen Spa\u00df. Planet Ozean ist ein Marketinginstrument, von dem eine ganze Region profitieren kann.&#8221;<\/em><\/p>\n<p>Die Bewertungskriterien f\u00fcr alle Kategorien beim Wettbewerb waren:<\/p>\n<ul>\n<li>Innovationsgrad<\/li>\n<li>Gestaltungsqualit\u00e4t<\/li>\n<li>Begeisterungspotential<\/li>\n<li>Zielgruppenansprache<\/li>\n<li>Nachhaltigkeit<\/li>\n<li>Wirtschaftlichkeit<\/li>\n<\/ul>\n<p>Siehe auch: <a href=\"http:\/\/www.meer-wissen-erleben.de\/\" target=\"_blank\" rel=\"noopener\"><span class=\"link_extern\">Planet Ozean &#8211; Meer.Wissen.Erleben<\/span><\/a>.<\/p>\n<p><\/div><\/p>\n<h2>Gef\u00f6rdert durch das Programm Gr\u00fcndercampus Niedersachsen<\/h2>\n<div class=\"column\">\n<p><img loading=\"lazy\" decoding=\"async\" class=\"size-full wp-image-1483 alignnone\" src=\"https:\/\/www.kon-tiki.eu\/wp-content\/uploads\/auszeichnung03.jpg\" alt=\"\" width=\"87\" height=\"66\" \/><br \/>\n<\/div><div class=\"column\"><\/p>\n<p>KON-TIKI wurde in seiner Gr\u00fcndungsphase vom Nieders\u00e4chsischen Wissenschaftsministerium und dem Nieders\u00e4chsischen Wirtschaftsministerium mit der H\u00f6chstsumme gef\u00f6rdert. Der Grund: Ein besonders innovatives und vielversprechendes Gr\u00fcndungskonzept.<\/p>\n<p>Siehe auch: <a class=\"link_extern\" href=\"http:\/\/www.leuphana.de\/professional-school\/existenzgruendung.html\" target=\"_blank\" rel=\"noopener\">Gr\u00fcndercampus L\u00fcneburg<\/a><\/p>\n<p><\/div><\/p>\n","protected":false},"excerpt":{"rendered":"<p>Auszeichnung f\u00fcr Planet Ozean n.design-Auszeichnung f\u00fcr Edutainment-Produkt Gef\u00f6rdert durch das Programm Gr\u00fcndercampus Niedersachsen<\/p>\n","protected":false},"author":1,"featured_media":0,"parent":13,"menu_order":4,"comment_status":"closed","ping_status":"closed","template":"","meta":{"footnotes":""},"class_list":["post-17","page","type-page","status-publish","hentry"],"_links":{"self":[{"href":"https:\/\/www.kon-tiki.eu\/en\/wp-json\/wp\/v2\/pages\/17"}],"collection":[{"href":"https:\/\/www.kon-tiki.eu\/en\/wp-json\/wp\/v2\/pages"}],"about":[{"href":"https:\/\/www.kon-tiki.eu\/en\/wp-json\/wp\/v2\/types\/page"}],"author":[{"embeddable":true,"href":"https:\/\/www.kon-tiki.eu\/en\/wp-json\/wp\/v2\/users\/1"}],"replies":[{"embeddable":true,"href":"https:\/\/www.kon-tiki.eu\/en\/wp-json\/wp\/v2\/comments?post=17"}],"version-history":[{"count":3,"href":"https:\/\/www.kon-tiki.eu\/en\/wp-json\/wp\/v2\/pages\/17\/revisions"}],"predecessor-version":[{"id":98,"href":"https:\/\/www.kon-tiki.eu\/en\/wp-json\/wp\/v2\/pages\/17\/revisions\/98"}],"up":[{"embeddable":true,"href":"https:\/\/www.kon-tiki.eu\/en\/wp-json\/wp\/v2\/pages\/13"}],"wp:attachment":[{"href":"https:\/\/www.kon-tiki.eu\/en\/wp-json\/wp\/v2\/media?parent=17"}],"curies":[{"name":"wp","href":"https:\/\/api.w.org\/{rel}","templated":true}]}}